{"id":8,"date":"2021-01-24T11:39:38","date_gmt":"2021-01-24T10:39:38","guid":{"rendered":"http:\/\/www.mitterlindner.co.at\/bus\/?page_id=8"},"modified":"2021-04-19T09:06:20","modified_gmt":"2021-04-19T07:06:20","slug":"impressum","status":"publish","type":"page","link":"https:\/\/www.mitterlindner.co.at\/bus\/impressum\/","title":{"rendered":"Impressum"},"content":{"rendered":"\n<p>F\u00fcr diese Seite verantwortlicher Herausgeber:<\/p>\n\n\n\n<h2 class=\"wp-block-heading\"><strong>Mitterlindner GmbH<\/strong><br>Sch\u00fclertransport und Busverleih<\/h2>\n\n\n\n<p>Erlatwaid 17<br>4873 Frankenburg<br>\u00d6sterreich<\/p>\n\n\n\n<p>Telefon: 0664 \/ 5052255<br>E-Mail: gitte-mail@gmx.at<\/p>\n\n\n\n<p>Firmenbuchnummer: FN 424172 h<br>Firmenbuchgericht: Landesgericht Wels<\/p>\n\n\n\n<h2 class=\"wp-block-heading\">Quellen<\/h2>\n\n\n\n<p>CMS: <a href=\"https:\/\/wordpress.org\/\" data-type=\"URL\" data-id=\"https:\/\/wordpress.org\/\">WordPress<\/a><br>Theme: <a href=\"https:\/\/themegrill.com\/themes\/esteem\/\" data-type=\"URL\" data-id=\"https:\/\/themegrill.com\/themes\/esteem\/\">Esteem<\/a><\/p>\n","protected":false},"excerpt":{"rendered":"<p>F\u00fcr diese Seite verantwortlicher Herausgeber: Mitterlindner GmbHSch\u00fclertransport und Busverleih Erlatwaid 174873 Frankenburg\u00d6sterreich Telefon: 0664 \/ 5052255E-Mail: gitte-mail@gmx.at Firmenbuchnummer: FN 424172 hFirmenbuchgericht: Landesgericht Wels Quellen CMS: WordPressTheme: Esteem<\/p>\n","protected":false},"author":1,"featured_media":0,"parent":0,"menu_order":0,"comment_status":"closed","ping_status":"closed","template":"","meta":{"footnotes":""},"class_list":["post-8","page","type-page","status-publish","hentry"],"_links":{"self":[{"href":"https:\/\/www.mitterlindner.co.at\/bus\/wp-json\/wp\/v2\/pages\/8","targetHints":{"allow":["GET"]}}],"collection":[{"href":"https:\/\/www.mitterlindner.co.at\/bus\/wp-json\/wp\/v2\/pages"}],"about":[{"href":"https:\/\/www.mitterlindner.co.at\/bus\/wp-json\/wp\/v2\/types\/page"}],"author":[{"embeddable":true,"href":"https:\/\/www.mitterlindner.co.at\/bus\/wp-json\/wp\/v2\/users\/1"}],"replies":[{"embeddable":true,"href":"https:\/\/www.mitterlindner.co.at\/bus\/wp-json\/wp\/v2\/comments?post=8"}],"version-history":[{"count":4,"href":"https:\/\/www.mitterlindner.co.at\/bus\/wp-json\/wp\/v2\/pages\/8\/revisions"}],"predecessor-version":[{"id":154,"href":"https:\/\/www.mitterlindner.co.at\/bus\/wp-json\/wp\/v2\/pages\/8\/revisions\/154"}],"wp:attachment":[{"href":"https:\/\/www.mitterlindner.co.at\/bus\/wp-json\/wp\/v2\/media?parent=8"}],"curies":[{"name":"wp","href":"https:\/\/api.w.org\/{rel}","templated":true}]}}