{"id":7,"date":"2021-01-24T11:39:38","date_gmt":"2021-01-24T10:39:38","guid":{"rendered":"http:\/\/www.mitterlindner.co.at\/bus\/?page_id=7"},"modified":"2026-01-12T21:22:29","modified_gmt":"2026-01-12T20:22:29","slug":"team","status":"publish","type":"page","link":"https:\/\/www.mitterlindner.co.at\/bus\/","title":{"rendered":"Herzlich Willkommen auf der Homepage der Mitterlindner GmbH  :)"},"content":{"rendered":"\n<h1 class=\"wp-block-heading\">Aktuelles:<\/h1>\n\n\n\n<p>Hallo           GLATTEIS!?!?!<\/p>\n\n\n\n<p>falls wir morgen Dienstag 13.1. keinen Kindergarten- oder Sch\u00fclertransport durchf\u00fchren k\u00f6nnen finden Sie dies HIER auf der Homepage oder auf dem Status<\/p>\n\n\n\n<p>der Busfahrer\/innen!<\/p>\n\n\n\n<p>Liebe Gr\u00fc\u00dfe Brigitte Mitterlindner 0664\/5052255.<\/p>\n\n\n\n<p><\/p>\n\n\n\n<figure class=\"wp-block-image size-full\"><img loading=\"lazy\" decoding=\"async\" width=\"273\" height=\"97\" src=\"https:\/\/www.mitterlindner.co.at\/bus\/wp-content\/uploads\/sites\/2\/2025\/11\/image-1.jpg\" alt=\"\" class=\"wp-image-916\" \/><\/figure>\n\n\n\n<p><strong>SCHULBUSFAHRER\/IN&nbsp;&nbsp;&nbsp; GESUCHT&nbsp; ***&nbsp;&nbsp; SCHULBUSFAHRER\/IN&nbsp;&nbsp;&nbsp; SCHULBUSFAHRER\/IN&nbsp;&nbsp;&nbsp; GESUCHT&nbsp; ***&nbsp;&nbsp; SCHULBUSFAHRER\/IN&nbsp;&nbsp;&nbsp;<\/strong> <strong>SCHULBUSFAHRER\/IN&nbsp;&nbsp;&nbsp; GESUCHT&nbsp; ***&nbsp;&nbsp; SCHULBUSFAHRER\/IN&nbsp;&nbsp;&nbsp;<\/strong><\/p>\n\n\n\n<p><strong>Hallo, wir suchen Verst\u00e4rkung f\u00fcr unser Team.<\/strong><\/p>\n\n\n\n<ul class=\"wp-block-list\">\n<li>10 bis 20 Stunden in der Woche,<\/li>\n\n\n\n<li>Sch\u00fcler- und Kindergartentransport,<\/li>\n\n\n\n<li>Einsatzort:&nbsp; Waldzell, Lohnsburg oder Redleiten\/Frankenburg.<\/li>\n\n\n\n<li>m\/w\/d \u2013 Hauptsache du f\u00e4hrst gerne Auto (auch im Winter, und magst Kinder \ud83d\ude0a)<\/li>\n\n\n\n<li>falls du schulpflichtige Kinder hast: Du hast immer mit ihnen Urlaub!<\/li>\n\n\n\n<li>Kernarbeitszeit: 6:15 bis 8:30&nbsp; und 11:20 bis 13:15, nachmittags<\/li>\n<\/ul>\n\n\n\n<p><strong>0664\/5052255&nbsp; Brigitte Mitterlindner&nbsp; 0664\/5052255<\/strong><\/p>\n\n\n\n<p><\/p>\n\n\n\n<p class=\"has-luminous-vivid-amber-color has-text-color\">Unsere flotte Flotte \ud83d\ude42<\/p>\n\n\n\n<p><\/p>\n\n\n\n<p>Liebe Gr\u00fc\u00dfe &#8211; Gitte Mitterlindner 0664\/5052255<\/p>\n\n\n\n<p><\/p>\n\n\n\n<p><\/p>\n\n\n\n<figure class=\"wp-block-image size-large is-resized\"><img loading=\"lazy\" decoding=\"async\" width=\"1024\" height=\"768\" src=\"https:\/\/www.mitterlindner.co.at\/bus\/wp-content\/uploads\/sites\/2\/2023\/09\/Neue-busse-2-1024x768.jpg\" alt=\"\" class=\"wp-image-663\" style=\"width:568px;height:426px\" srcset=\"https:\/\/www.mitterlindner.co.at\/bus\/wp-content\/uploads\/sites\/2\/2023\/09\/Neue-busse-2-1024x768.jpg 1024w, https:\/\/www.mitterlindner.co.at\/bus\/wp-content\/uploads\/sites\/2\/2023\/09\/Neue-busse-2-300x225.jpg 300w, https:\/\/www.mitterlindner.co.at\/bus\/wp-content\/uploads\/sites\/2\/2023\/09\/Neue-busse-2-768x576.jpg 768w, https:\/\/www.mitterlindner.co.at\/bus\/wp-content\/uploads\/sites\/2\/2023\/09\/Neue-busse-2-1536x1152.jpg 1536w, https:\/\/www.mitterlindner.co.at\/bus\/wp-content\/uploads\/sites\/2\/2023\/09\/Neue-busse-2.jpg 2048w\" sizes=\"auto, (max-width: 1024px) 100vw, 1024px\" \/><\/figure>\n\n\n\n\n\n<p class=\"has-text-align-center\" id=\"block-9c0e33a4-f45e-4281-9126-314b736ad875\"><\/p>\n\n\n\n<figure class=\"wp-block-image size-large\"><img loading=\"lazy\" decoding=\"async\" width=\"1024\" height=\"768\" src=\"https:\/\/www.mitterlindner.co.at\/bus\/wp-content\/uploads\/sites\/2\/2025\/02\/WhatsApp-Bild-2025-02-28-um-12.16.09_0ca429d3-1024x768.jpg\" alt=\"\" class=\"wp-image-828\" srcset=\"https:\/\/www.mitterlindner.co.at\/bus\/wp-content\/uploads\/sites\/2\/2025\/02\/WhatsApp-Bild-2025-02-28-um-12.16.09_0ca429d3-1024x768.jpg 1024w, https:\/\/www.mitterlindner.co.at\/bus\/wp-content\/uploads\/sites\/2\/2025\/02\/WhatsApp-Bild-2025-02-28-um-12.16.09_0ca429d3-300x225.jpg 300w, https:\/\/www.mitterlindner.co.at\/bus\/wp-content\/uploads\/sites\/2\/2025\/02\/WhatsApp-Bild-2025-02-28-um-12.16.09_0ca429d3-768x576.jpg 768w, https:\/\/www.mitterlindner.co.at\/bus\/wp-content\/uploads\/sites\/2\/2025\/02\/WhatsApp-Bild-2025-02-28-um-12.16.09_0ca429d3-1536x1152.jpg 1536w, https:\/\/www.mitterlindner.co.at\/bus\/wp-content\/uploads\/sites\/2\/2025\/02\/WhatsApp-Bild-2025-02-28-um-12.16.09_0ca429d3.jpg 2040w\" sizes=\"auto, (max-width: 1024px) 100vw, 1024px\" \/><\/figure>\n\n\n\n<p class=\"has-text-align-center\" id=\"block-9c0e33a4-f45e-4281-9126-314b736ad875\"><\/p>\n\n\n\n<figure class=\"wp-block-image size-large\"><img loading=\"lazy\" decoding=\"async\" width=\"1024\" height=\"768\" src=\"https:\/\/www.mitterlindner.co.at\/bus\/wp-content\/uploads\/sites\/2\/2025\/02\/WhatsApp-Bild-2025-02-28-um-12.16.09_4ad6cc19-1024x768.jpg\" alt=\"\" class=\"wp-image-829\" srcset=\"https:\/\/www.mitterlindner.co.at\/bus\/wp-content\/uploads\/sites\/2\/2025\/02\/WhatsApp-Bild-2025-02-28-um-12.16.09_4ad6cc19-1024x768.jpg 1024w, https:\/\/www.mitterlindner.co.at\/bus\/wp-content\/uploads\/sites\/2\/2025\/02\/WhatsApp-Bild-2025-02-28-um-12.16.09_4ad6cc19-300x225.jpg 300w, https:\/\/www.mitterlindner.co.at\/bus\/wp-content\/uploads\/sites\/2\/2025\/02\/WhatsApp-Bild-2025-02-28-um-12.16.09_4ad6cc19-768x576.jpg 768w, https:\/\/www.mitterlindner.co.at\/bus\/wp-content\/uploads\/sites\/2\/2025\/02\/WhatsApp-Bild-2025-02-28-um-12.16.09_4ad6cc19-1536x1152.jpg 1536w, https:\/\/www.mitterlindner.co.at\/bus\/wp-content\/uploads\/sites\/2\/2025\/02\/WhatsApp-Bild-2025-02-28-um-12.16.09_4ad6cc19.jpg 2040w\" sizes=\"auto, (max-width: 1024px) 100vw, 1024px\" \/><\/figure>\n\n\n\n<p class=\"has-text-align-center\" id=\"block-9c0e33a4-f45e-4281-9126-314b736ad875\"><\/p>\n\n\n\n<p class=\"has-text-align-center\">Liebe Gr\u00fc\u00dfe   Brigitte Mitterlindner<\/p>\n\n\n\n<p class=\"has-text-align-center\"><\/p>\n\n\n\n<p id=\"block-d9b50676-6fed-49e7-b298-53992bd9ca8e\">Sollte es wetterbedingt zu schlechten Fahrverh\u00e4ltnissen kommen, zum Beispiel <strong>Eisregen,<\/strong> Sturm, \u2026<\/p>\n\n\n\n<p id=\"block-42fdd874-65f0-409c-9d3c-b5bc82229f99\">und wir deshalb <strong>keinen Transport durchf\u00fchren k\u00f6nnen<\/strong>, finden Sie aktuelle Informationen immer auf unserer Homepage.<\/p>\n\n\n\n<p id=\"block-f3068f0d-3323-4bed-81fc-d424c2ce564b\"><a href=\"http:\/\/www.mitterlindner.co.at\/\"><span class=\"has-inline-color has-vivid-green-cyan-color\"><strong>www.mitterlindner.co.at<\/strong><\/span><\/a><\/p>\n\n\n\n<p><\/p>\n\n\n\n<p id=\"block-2e8bdab4-c20d-4198-bd19-89175e35b231\">P.S.: Gerne k\u00f6nnen sie auch einen 9-sitzer Bus bei uns mieten, bzw. einen Transport z. B. Hochzeitsheimbringer, Krankentransport, Flughafentransport bei uns buchen.<\/p>\n\n\n\n<p id=\"block-84fd961d-d8f2-47ca-93da-d2216b5c9f1b\"><\/p>\n\n\n\n<p>DANKE <\/p>\n\n\n\n<p class=\"has-text-align-center\">Gitte Mitterlindner mit TEAM<\/p>\n\n\n\n<p class=\"has-text-align-center\"><\/p>\n\n\n\n<p class=\"has-text-align-center\"><\/p>\n\n\n\n<figure class=\"wp-block-gallery has-nested-images columns-2 is-cropped wp-block-gallery-1 is-layout-flex wp-block-gallery-is-layout-flex\"><\/figure>\n\n\n\n<p><\/p>\n","protected":false},"excerpt":{"rendered":"<p>Aktuelles: Hallo GLATTEIS!?!?! falls wir morgen Dienstag 13.1. keinen Kindergarten- oder Sch\u00fclertransport durchf\u00fchren k\u00f6nnen finden Sie dies HIER auf der Homepage oder auf dem Status der Busfahrer\/innen! Liebe Gr\u00fc\u00dfe Brigitte Mitterlindner 0664\/5052255. SCHULBUSFAHRER\/IN&nbsp;&nbsp;&nbsp; GESUCHT&nbsp; ***&nbsp;&nbsp; SCHULBUSFAHRER\/IN&nbsp;&nbsp;&nbsp; SCHULBUSFAHRER\/IN&nbsp;&nbsp;&nbsp; GESUCHT&nbsp; ***&nbsp;&nbsp; SCHULBUSFAHRER\/IN&nbsp;&nbsp;&nbsp;&hellip; <\/p>\n","protected":false},"author":1,"featured_media":0,"parent":0,"menu_order":0,"comment_status":"closed","ping_status":"closed","template":"","meta":{"footnotes":""},"class_list":["post-7","page","type-page","status-publish","hentry"],"_links":{"self":[{"href":"https:\/\/www.mitterlindner.co.at\/bus\/wp-json\/wp\/v2\/pages\/7","targetHints":{"allow":["GET"]}}],"collection":[{"href":"https:\/\/www.mitterlindner.co.at\/bus\/wp-json\/wp\/v2\/pages"}],"about":[{"href":"https:\/\/www.mitterlindner.co.at\/bus\/wp-json\/wp\/v2\/types\/page"}],"author":[{"embeddable":true,"href":"https:\/\/www.mitterlindner.co.at\/bus\/wp-json\/wp\/v2\/users\/1"}],"replies":[{"embeddable":true,"href":"https:\/\/www.mitterlindner.co.at\/bus\/wp-json\/wp\/v2\/comments?post=7"}],"version-history":[{"count":56,"href":"https:\/\/www.mitterlindner.co.at\/bus\/wp-json\/wp\/v2\/pages\/7\/revisions"}],"predecessor-version":[{"id":934,"href":"https:\/\/www.mitterlindner.co.at\/bus\/wp-json\/wp\/v2\/pages\/7\/revisions\/934"}],"wp:attachment":[{"href":"https:\/\/www.mitterlindner.co.at\/bus\/wp-json\/wp\/v2\/media?parent=7"}],"curies":[{"name":"wp","href":"https:\/\/api.w.org\/{rel}","templated":true}]}}