{"id":205,"date":"2021-09-04T15:00:06","date_gmt":"2021-09-04T13:00:06","guid":{"rendered":"https:\/\/www.mitterlindner.co.at\/bus\/?page_id=205"},"modified":"2026-01-12T21:16:11","modified_gmt":"2026-01-12T20:16:11","slug":"aktuelles","status":"publish","type":"page","link":"https:\/\/www.mitterlindner.co.at\/bus\/aktuelles\/","title":{"rendered":"Aktuelles:"},"content":{"rendered":"\n<p>Hallo <\/p>\n\n\n\n<p>falls wir morgen  Dienstag 13.1. keinen Kindergarten- oder Sch\u00fclertransport durchf\u00fchren k\u00f6nnen finden Sie dies HIER auf der Homepage oder auf dem Status <\/p>\n\n\n\n<p>der Busfahrer\/innen!  <\/p>\n\n\n\n<p>Liebe Gr\u00fc\u00dfe  Brigitte Mitterlindner  0664\/5052255.<\/p>\n\n\n\n<p class=\"has-text-align-center\"><strong> <\/strong><\/p>\n\n\n\n<figure class=\"wp-block-image size-full\"><img loading=\"lazy\" decoding=\"async\" width=\"273\" height=\"97\" src=\"https:\/\/www.mitterlindner.co.at\/bus\/wp-content\/uploads\/sites\/2\/2025\/11\/image.jpg\" alt=\"\" class=\"wp-image-913\" \/><\/figure>\n\n\n\n<p><strong>SCHULBUSFAHRER\/IN&nbsp;&nbsp;&nbsp; GESUCHT&nbsp; ***&nbsp;&nbsp; SCHULBUSFAHRER\/IN&nbsp;&nbsp;&nbsp; SCHULBUSFAHRER\/IN&nbsp;&nbsp;&nbsp; GESUCHT&nbsp; ***&nbsp;&nbsp; SCHULBUSFAHRER\/IN&nbsp;&nbsp;SCHULBUSFAHRER\/IN&nbsp;&nbsp;&nbsp; GESUCHT&nbsp; ***&nbsp;&nbsp; SCHULBUSFAHRER\/IN&nbsp;&nbsp;<\/strong><\/p>\n\n\n\n<p><strong>Hallo, wir suchen Verst\u00e4rkung f\u00fcr unser Team.<\/strong><\/p>\n\n\n\n<ul class=\"wp-block-list\">\n<li>10 bis 20 Stunden in der Woche,<\/li>\n\n\n\n<li>Sch\u00fcler- und Kindergartentransport,<\/li>\n\n\n\n<li>Einsatzort:&nbsp; Waldzell, Lohnsburg oder Redleiten\/Frankenburg.<\/li>\n\n\n\n<li>m\/w\/d \u2013 Hauptsache du f\u00e4hrst gerne Auto (auch im Winter, und magst Kinder \ud83d\ude0a)<\/li>\n\n\n\n<li>falls du schulpflichtige Kinder hast: Du hast immer mit ihnen Urlaub!<\/li>\n\n\n\n<li>Kernarbeitszeit: 6:15 bis 8:30&nbsp; und 11:20 bis 13:15, nachmittags<\/li>\n<\/ul>\n\n\n\n<p><strong>0664\/5052255&nbsp; Brigitte Mitterlindner&nbsp; 0664\/5052255<\/strong><\/p>\n\n\n\n<div class=\"wp-block-file\"><a id=\"wp-block-file--media-fab5bbc2-3ac1-4ebd-a55c-b358581ad96d\" href=\"https:\/\/www.mitterlindner.co.at\/bus\/wp-content\/uploads\/sites\/2\/2025\/11\/Mitarbeiter-gesucht-Bus-hinten.docx\">Mitarbeiter gesucht &#8211; Bus hinten<\/a><a href=\"https:\/\/www.mitterlindner.co.at\/bus\/wp-content\/uploads\/sites\/2\/2025\/11\/Mitarbeiter-gesucht-Bus-hinten.docx\" class=\"wp-block-file__button wp-element-button\" download aria-describedby=\"wp-block-file--media-fab5bbc2-3ac1-4ebd-a55c-b358581ad96d\">Herunterladen<\/a><\/div>\n\n\n\n<p>wir freuen uns auf Verst\u00e4rkung!<br><br><br>Noch eine sch\u00f6ne Zeit &#8211; bis bald.<\/p>\n\n\n\n<p class=\"has-text-align-center\">Liebe Gr\u00fc\u00dfe &#8211; Gitte Mitterlindner<\/p>\n\n\n\n<div class=\"wp-block-group alignwide is-nowrap is-layout-flex wp-container-core-group-is-layout-ad2f72ca wp-block-group-is-layout-flex\"><\/div>\n\n\n\n<p><\/p>\n\n\n\n<p>Sollte es wetterbedingt zu schlechten Fahrverh\u00e4ltnissen kommen, zum Beispiel <strong><span class=\"has-inline-color has-vivid-red-color\">Eisregen<\/span>,<\/strong> Sturm, \u2026<\/p>\n\n\n\n<p>und wir deshalb <span class=\"has-inline-color has-vivid-red-color\"><strong>keinen Transport durchf\u00fchren k\u00f6nnen<\/strong>,<\/span> finden Sie aktuelle Informationen immer auf unserer Homepage:<\/p>\n\n\n\n<p><a href=\"http:\/\/www.mitterlindner.co.at\">www.mitterlindner.co.at<\/a><\/p>\n\n\n\n<p><\/p>\n\n\n\n<p><\/p>\n\n\n\n<p><\/p>\n\n\n\n<p><strong>Info zum Postbuszubringer: <\/strong><\/p>\n\n\n\n<p><strong>Alle Sch\u00fcler, die eine h\u00f6here Schule besuchen (Unterstufe sowie Oberstufe), haben die M\u00f6glichkeit zur n\u00e4chsten Haltestelle eines \u00f6ffentlichen Verkehrsmittels  GRATIS (19,6 \u20ac Elternbeitrag) gefahren zu werden, wenn<\/strong><\/p>\n\n\n\n<ol style=\"list-style-type:1\" class=\"wp-block-list\">\n<li>Die Strecke mehr als 2 Kilometer betr\u00e4gt.<\/li>\n\n\n\n<li>Wenn die Strecke weniger als 2 Kilometer betr\u00e4gt, aber gef\u00e4hrlich ist.<\/li>\n\n\n\n<li>Wenn ein Gelegenheitsverkehr angeboten wird.<\/li>\n<\/ol>\n\n\n\n<p>Sollte Ihr Kind dies in Anspruch nehmen wollen, f\u00fcllen sie bitte den Anmeldeabschnitt aus, und wir schauen, ob wir genug Anmeldungen f\u00fcr einen Zubringer haben.<\/p>\n\n\n\n<p class=\"has-medium-font-size\"><\/p>\n\n\n\n<p>Vor und Zunahme:<\/p>\n\n\n\n<p>Adresse:<\/p>\n\n\n\n<p>Telefonnummer:<\/p>\n\n\n\n<p>Schule im Schuljahr 25\/26:<\/p>\n\n\n\n<p>Schulort:<\/p>\n\n\n\n<p>Einstiegstelle Postbus<\/p>\n\n\n\n<p>Datum, Unterschrift:<\/p>\n\n\n\n<p>&#8211;&#8211;&#8211;&#8211;&#8211;&#8211;&#8211;&#8211;&#8211;&#8211;&#8211;&#8211;&#8211;&#8211;&#8211;&#8211;&#8211;&#8211;&#8211;&#8211;&#8211;&#8211;&#8211;&#8211;&#8211;&#8211;&#8211;&#8211;&#8211;&#8211;&#8211;&#8211;&#8211;&#8211;&#8211;&#8211;&#8211;&#8211;&#8211;&#8211;&#8211;&#8211;&#8211;&#8211;&#8211;&#8211;&#8211;&#8211;&#8211;&#8211;&#8211;&#8211;&#8211;&#8211;&#8211;&#8211;&#8211;&#8211;&#8211;&#8211;&#8211;&#8211;&#8211;&#8211;&#8211;&#8211;&#8211;&#8211;&#8211;&#8211;-<\/p>\n\n\n\n<p class=\"has-luminous-vivid-orange-color has-text-color has-medium-font-size\">Gerne k\u00f6nnen sie auch einen 9-sitzer Bus bei uns mieten, bzw. einen Transport z. B. Hochzeitsheimbringer, Krankentransport, Flughafentransport bei uns buchen.<\/p>\n\n\n\n<p class=\"has-medium-font-size\"><\/p>\n\n\n\n<p class=\"has-medium-font-size\">Wir freuen uns auf Sie\/Dich :).<\/p>\n\n\n\n<p class=\"has-medium-font-size\"><\/p>\n\n\n\n<p class=\"has-vivid-green-cyan-color has-text-color has-medium-font-size\">Brigitte Mitterlindner und das Mittis Team!<\/p>\n","protected":false},"excerpt":{"rendered":"<p>Hallo falls wir morgen Dienstag 13.1. keinen Kindergarten- oder Sch\u00fclertransport durchf\u00fchren k\u00f6nnen finden Sie dies HIER auf der Homepage oder auf dem Status der Busfahrer\/innen! Liebe Gr\u00fc\u00dfe Brigitte Mitterlindner 0664\/5052255. SCHULBUSFAHRER\/IN&nbsp;&nbsp;&nbsp; GESUCHT&nbsp; ***&nbsp;&nbsp; SCHULBUSFAHRER\/IN&nbsp;&nbsp;&nbsp; SCHULBUSFAHRER\/IN&nbsp;&nbsp;&nbsp; GESUCHT&nbsp; ***&nbsp;&nbsp; SCHULBUSFAHRER\/IN&nbsp;&nbsp;SCHULBUSFAHRER\/IN&nbsp;&nbsp;&nbsp; GESUCHT&nbsp; ***&nbsp;&nbsp;&hellip; <\/p>\n","protected":false},"author":3,"featured_media":0,"parent":0,"menu_order":0,"comment_status":"closed","ping_status":"closed","template":"","meta":{"footnotes":""},"class_list":["post-205","page","type-page","status-publish","hentry"],"_links":{"self":[{"href":"https:\/\/www.mitterlindner.co.at\/bus\/wp-json\/wp\/v2\/pages\/205","targetHints":{"allow":["GET"]}}],"collection":[{"href":"https:\/\/www.mitterlindner.co.at\/bus\/wp-json\/wp\/v2\/pages"}],"about":[{"href":"https:\/\/www.mitterlindner.co.at\/bus\/wp-json\/wp\/v2\/types\/page"}],"author":[{"embeddable":true,"href":"https:\/\/www.mitterlindner.co.at\/bus\/wp-json\/wp\/v2\/users\/3"}],"replies":[{"embeddable":true,"href":"https:\/\/www.mitterlindner.co.at\/bus\/wp-json\/wp\/v2\/comments?post=205"}],"version-history":[{"count":58,"href":"https:\/\/www.mitterlindner.co.at\/bus\/wp-json\/wp\/v2\/pages\/205\/revisions"}],"predecessor-version":[{"id":932,"href":"https:\/\/www.mitterlindner.co.at\/bus\/wp-json\/wp\/v2\/pages\/205\/revisions\/932"}],"wp:attachment":[{"href":"https:\/\/www.mitterlindner.co.at\/bus\/wp-json\/wp\/v2\/media?parent=205"}],"curies":[{"name":"wp","href":"https:\/\/api.w.org\/{rel}","templated":true}]}}