{"id":176,"date":"2021-09-04T14:30:50","date_gmt":"2021-09-04T12:30:50","guid":{"rendered":"https:\/\/www.mitterlindner.co.at\/bus\/?page_id=176"},"modified":"2025-08-29T19:14:55","modified_gmt":"2025-08-29T17:14:55","slug":"waldzell","status":"publish","type":"page","link":"https:\/\/www.mitterlindner.co.at\/bus\/waldzell\/","title":{"rendered":"Waldzell &#8211; Infos 25\/26  siehe Aktuelles :)"},"content":{"rendered":"\n<p><\/p>\n\n\n\n<p>Liebe Sch\u00fcler\/Innen und Eltern!<\/p>\n\n\n\n<ol class=\"wp-block-list\">\n<li>SCHULBUSFAHRER\/INNEN GESUCHT &#8211; f\u00fcr 5 bis 10 Stunden pro Woche<br><br>bei Interesse bitte bei Gitte Mitterlindner 0664\/5052255 melden,<\/li>\n\n\n\n<li><br>Kernarbeitszeit: 6.20 bis ca. 8:15, 11:00 bis ca. 13:15, in den Ferien immer frei, <br><br>wir freuen uns auf Verst\u00e4rkung!<br><\/li>\n<\/ol>\n\n\n\n<p><\/p>\n\n\n\n<p><strong>Auszeiten f\u00fcr das neue Schuljahr 25\/26<\/strong><\/p>\n\n\n\n<p>Ich w\u00fcnsche euch und uns einen ruhigen Schulstart, die ungef\u00e4hren<br>Abholzeiten f\u00fcr Waldzell findet ihr unten. Die genaue Abfahrtszeit wird<br>sich nach einiger Zeit einpendeln.<br><strong>Bitte die Kinder gut sichtbar auf den Weg zur Bushaltestelle schicken<\/strong>!<br>Wir bitten um Geduld, es ist unsere Pflicht die Kinder sicher in die<br>Schule und nach Hause zu transportieren, dazu brauchen wir<br><strong>Zeit und Ruhe <\/strong>&#8211; darum bitte ich.<\/p>\n\n\n\n<p><br>Liebe Gr\u00fc\u00dfe das MITTIS-TEAM und Gitte<\/p>\n\n\n\n<div class=\"wp-block-file\"><a id=\"wp-block-file--media-be9a79c7-9246-457a-95c9-3cf71670381c\" href=\"https:\/\/www.mitterlindner.co.at\/bus\/wp-content\/uploads\/sites\/2\/2025\/08\/ramsch-1.xlsx\">Abholzeiten Waldzell  25\/26: <\/a><a href=\"https:\/\/www.mitterlindner.co.at\/bus\/wp-content\/uploads\/sites\/2\/2025\/08\/ramsch-1.xlsx\" class=\"wp-block-file__button wp-element-button\" download aria-describedby=\"wp-block-file--media-be9a79c7-9246-457a-95c9-3cf71670381c\">Herunterladen<\/a><\/div>\n\n\n\n<p>Abk\u00fcrzungen: Ms = Mittelschule <br>Vs= Volksschule <\/p>\n\n\n\n<figure class=\"wp-block-image size-large is-resized\"><img loading=\"lazy\" decoding=\"async\" width=\"1024\" height=\"768\" src=\"https:\/\/www.mitterlindner.co.at\/bus\/wp-content\/uploads\/sites\/2\/2025\/08\/Bild-Waldzell-Homepage-1024x768.jpg\" alt=\"\" class=\"wp-image-888\" style=\"width:1006px;height:auto\" srcset=\"https:\/\/www.mitterlindner.co.at\/bus\/wp-content\/uploads\/sites\/2\/2025\/08\/Bild-Waldzell-Homepage-1024x768.jpg 1024w, https:\/\/www.mitterlindner.co.at\/bus\/wp-content\/uploads\/sites\/2\/2025\/08\/Bild-Waldzell-Homepage-300x225.jpg 300w, https:\/\/www.mitterlindner.co.at\/bus\/wp-content\/uploads\/sites\/2\/2025\/08\/Bild-Waldzell-Homepage-768x576.jpg 768w, https:\/\/www.mitterlindner.co.at\/bus\/wp-content\/uploads\/sites\/2\/2025\/08\/Bild-Waldzell-Homepage-1536x1152.jpg 1536w, https:\/\/www.mitterlindner.co.at\/bus\/wp-content\/uploads\/sites\/2\/2025\/08\/Bild-Waldzell-Homepage.jpg 2040w\" sizes=\"auto, (max-width: 1024px) 100vw, 1024px\" \/><\/figure>\n\n\n\n<p><strong>Aushilfe 5-10 Std gesucht \ud83d\ude42<\/strong><\/p>\n\n\n\n<p>bei Fragen: 0664\/5052255  Gitte Mitterlindner<\/p>\n\n\n\n<p><strong>Info zum Postbuszubringer: Alle Sch\u00fcler, die eine h\u00f6here Schule besuchen (Unterstufe sowie Oberstufe), haben die M\u00f6glichkeit zur n\u00e4chsten Haltestelle eines \u00f6ffentlichen Verkehrsmittels (Postbus, Zug) GRATIS gefahren zu werden, wenn<\/strong><\/p>\n\n\n\n<p><\/p>\n\n\n\n<ol style=\"list-style-type:1\" class=\"wp-block-list\">\n<li>Die Strecke mehr als 2 Kilometer betr\u00e4gt.<\/li>\n\n\n\n<li>Wenn die Strecke weniger als 2 Kilometer betr\u00e4gt, aber gef\u00e4hrlich ist.<\/li>\n\n\n\n<li>Wenn ein Gelegenheitsverkehr angeboten wird.<\/li>\n<\/ol>\n\n\n\n<p>Sollte Ihr Kind dies in Anspruch nehmen wollen, f\u00fcllen sie bitte den Anmeldeabschnitt aus, und wir schauen, ob wir genug Anmeldungen f\u00fcr einen Zubringer haben.<\/p>\n\n\n\n<p><\/p>\n\n\n\n<p><\/p>\n\n\n\n<p>Vor und Zunahme:<\/p>\n\n\n\n<p>Adresse:<\/p>\n\n\n\n<p>Telefonnummer:<\/p>\n\n\n\n<p>Schule im Schuljahr 22\/23:<\/p>\n\n\n\n<p>Schulort:<\/p>\n\n\n\n<p>Einstiegstelle Postbus<\/p>\n\n\n\n<p>Datum, Unterschrift:<\/p>\n\n\n\n<p><\/p>\n\n\n\n<p><\/p>\n\n\n\n<p><strong>Abk\u00fcrzungen:<\/strong><\/p>\n\n\n\n<p>MS &#8211; Mittelschule<\/p>\n\n\n\n<p>Vs &#8211; Volksschule<\/p>\n\n\n\n<p>Wal &#8211;  Waldzell<\/p>\n","protected":false},"excerpt":{"rendered":"<p>Liebe Sch\u00fcler\/Innen und Eltern! Auszeiten f\u00fcr das neue Schuljahr 25\/26 Ich w\u00fcnsche euch und uns einen ruhigen Schulstart, die ungef\u00e4hrenAbholzeiten f\u00fcr Waldzell findet ihr unten. Die genaue Abfahrtszeit wirdsich nach einiger Zeit einpendeln.Bitte die Kinder gut sichtbar auf den Weg&hellip; <\/p>\n","protected":false},"author":3,"featured_media":0,"parent":0,"menu_order":0,"comment_status":"closed","ping_status":"closed","template":"","meta":{"footnotes":""},"class_list":["post-176","page","type-page","status-publish","hentry"],"_links":{"self":[{"href":"https:\/\/www.mitterlindner.co.at\/bus\/wp-json\/wp\/v2\/pages\/176","targetHints":{"allow":["GET"]}}],"collection":[{"href":"https:\/\/www.mitterlindner.co.at\/bus\/wp-json\/wp\/v2\/pages"}],"about":[{"href":"https:\/\/www.mitterlindner.co.at\/bus\/wp-json\/wp\/v2\/types\/page"}],"author":[{"embeddable":true,"href":"https:\/\/www.mitterlindner.co.at\/bus\/wp-json\/wp\/v2\/users\/3"}],"replies":[{"embeddable":true,"href":"https:\/\/www.mitterlindner.co.at\/bus\/wp-json\/wp\/v2\/comments?post=176"}],"version-history":[{"count":28,"href":"https:\/\/www.mitterlindner.co.at\/bus\/wp-json\/wp\/v2\/pages\/176\/revisions"}],"predecessor-version":[{"id":891,"href":"https:\/\/www.mitterlindner.co.at\/bus\/wp-json\/wp\/v2\/pages\/176\/revisions\/891"}],"wp:attachment":[{"href":"https:\/\/www.mitterlindner.co.at\/bus\/wp-json\/wp\/v2\/media?parent=176"}],"curies":[{"name":"wp","href":"https:\/\/api.w.org\/{rel}","templated":true}]}}