{"id":113,"date":"2021-04-08T18:08:59","date_gmt":"2021-04-08T16:08:59","guid":{"rendered":"https:\/\/www.mitterlindner.co.at\/bus\/?page_id=113"},"modified":"2025-09-16T07:40:03","modified_gmt":"2025-09-16T05:40:03","slug":"redleiten-plaene","status":"publish","type":"page","link":"https:\/\/www.mitterlindner.co.at\/bus\/redleiten-plaene\/","title":{"rendered":"Redleiten &#8211; Infos 25\/26 siehe Aktuelles"},"content":{"rendered":"\n<div data-wp-interactive=\"core\/file\" class=\"wp-block-file\"><object data-wp-bind--hidden=\"!state.hasPdfPreview\" hidden class=\"wp-block-file__embed\" data=\"https:\/\/www.mitterlindner.co.at\/bus\/wp-content\/uploads\/sites\/2\/2025\/08\/Alles-Redleiten-25-26.pdf\" type=\"application\/pdf\" style=\"width:100%;height:1080px\" aria-label=\"Einbettung von Abholzeiten f\u00fcr 25\/26 bitte     HIER  HERUNTERLADEN dr\u00fccken  :)  .\"><\/object><a id=\"wp-block-file--media-451e393b-6584-4476-8a26-2fbd90e7415c\" href=\"https:\/\/www.mitterlindner.co.at\/bus\/wp-content\/uploads\/sites\/2\/2025\/08\/Alles-Redleiten-25-26.pdf\">Abholzeiten f\u00fcr 25\/26 bitte     HIER  HERUNTERLADEN dr\u00fccken  \ud83d\ude42  <\/a><a href=\"https:\/\/www.mitterlindner.co.at\/bus\/wp-content\/uploads\/sites\/2\/2025\/08\/Alles-Redleiten-25-26.pdf\" class=\"wp-block-file__button wp-element-button\" download aria-describedby=\"wp-block-file--media-451e393b-6584-4476-8a26-2fbd90e7415c\">Herunterladen<\/a><\/div>\n\n\n\n<p><strong>Bei Fragen:&nbsp; Gitte Mitterlindner 0664\/5052255<\/strong><\/p>\n\n\n\n\n\n<figure class=\"wp-block-table\"><table class=\"has-fixed-layout\"><tbody><tr><td><strong>Mitarbeiter\/in f\u00fcr ca. 5 bis 10 Stunden gesucht. \ud83d\ude42<\/strong><\/td><\/tr><\/tbody><\/table><\/figure>\n\n\n\n<p><\/p>\n\n\n\n<p class=\"has-vivid-green-cyan-color has-text-color\">Gerne k\u00f6nnt ihr auch einen 9-sitzer Bus bei uns Mieten, bzw. einen Transport z. B. Hochzeitsheimbringer, Krankentransport, Flughafentransport bei uns buchen.<\/p>\n\n\n\n<p><\/p>\n\n\n\n<p><strong>Info zum Postbuszubringer: <\/strong><\/p>\n\n\n\n<p><strong>Alle Sch\u00fcler, die eine h\u00f6here Schule besuchen (Unterstufe sowie Oberstufe), haben die M\u00f6glichkeit zur n\u00e4chsten Haltestelle eines \u00f6ffentlichen Verkehrsmittels (Postbus, Zug) GRATIS gefahren zu werden, wenn<\/strong><\/p>\n\n\n\n<ol style=\"list-style-type:1\" class=\"wp-block-list\">\n<li>Die Strecke mehr als 2 Kilometer betr\u00e4gt.<\/li>\n\n\n\n<li>Wenn die Strecke weniger als 2 Kilometer betr\u00e4gt, aber gef\u00e4hrlich ist.<\/li>\n\n\n\n<li>Wenn ein Gelegenheitsverkehr angeboten wird.<\/li>\n<\/ol>\n\n\n\n<p>Sollte Ihr Kind dies in Anspruch nehmen wollen, f\u00fcllen sie bitte den Anmeldeabschnitt aus, und wir schauen, ob wir genug Anmeldungen f\u00fcr einen Zubringer haben.<\/p>\n\n\n\n<p>Liebe Gr\u00fc\u00dfe Brigitte Mitterlindner<\/p>\n\n\n\n<p>und <strong>das Mittis<\/strong> \u2013 TEAM<\/p>\n\n\n\n<p>Vor und Zunahme:<\/p>\n\n\n\n<p>Adresse:<\/p>\n\n\n\n<p>Telefonnummer:<\/p>\n\n\n\n<p>Schule im Schuljahr 22\/23:<\/p>\n\n\n\n<p>Schulort:<\/p>\n\n\n\n<p>Einstiegstelle Postbus<\/p>\n\n\n\n<p>Datum, Unterschrift:<\/p>\n\n\n\n<p><\/p>\n","protected":false},"excerpt":{"rendered":"<p>Bei Fragen:&nbsp; Gitte Mitterlindner 0664\/5052255 Mitarbeiter\/in f\u00fcr ca. 5 bis 10 Stunden gesucht. \ud83d\ude42 Gerne k\u00f6nnt ihr auch einen 9-sitzer Bus bei uns Mieten, bzw. einen Transport z. B. Hochzeitsheimbringer, Krankentransport, Flughafentransport bei uns buchen. Info zum Postbuszubringer: Alle Sch\u00fcler,&hellip; <\/p>\n","protected":false},"author":1,"featured_media":0,"parent":0,"menu_order":0,"comment_status":"closed","ping_status":"closed","template":"","meta":{"footnotes":""},"class_list":["post-113","page","type-page","status-publish","hentry"],"_links":{"self":[{"href":"https:\/\/www.mitterlindner.co.at\/bus\/wp-json\/wp\/v2\/pages\/113","targetHints":{"allow":["GET"]}}],"collection":[{"href":"https:\/\/www.mitterlindner.co.at\/bus\/wp-json\/wp\/v2\/pages"}],"about":[{"href":"https:\/\/www.mitterlindner.co.at\/bus\/wp-json\/wp\/v2\/types\/page"}],"author":[{"embeddable":true,"href":"https:\/\/www.mitterlindner.co.at\/bus\/wp-json\/wp\/v2\/users\/1"}],"replies":[{"embeddable":true,"href":"https:\/\/www.mitterlindner.co.at\/bus\/wp-json\/wp\/v2\/comments?post=113"}],"version-history":[{"count":46,"href":"https:\/\/www.mitterlindner.co.at\/bus\/wp-json\/wp\/v2\/pages\/113\/revisions"}],"predecessor-version":[{"id":886,"href":"https:\/\/www.mitterlindner.co.at\/bus\/wp-json\/wp\/v2\/pages\/113\/revisions\/886"}],"wp:attachment":[{"href":"https:\/\/www.mitterlindner.co.at\/bus\/wp-json\/wp\/v2\/media?parent=113"}],"curies":[{"name":"wp","href":"https:\/\/api.w.org\/{rel}","templated":true}]}}