{"id":101,"date":"2021-04-08T18:05:24","date_gmt":"2021-04-08T16:05:24","guid":{"rendered":"https:\/\/www.mitterlindner.co.at\/bus\/?page_id=101"},"modified":"2023-08-17T22:18:24","modified_gmt":"2023-08-17T20:18:24","slug":"vermietung","status":"publish","type":"page","link":"https:\/\/www.mitterlindner.co.at\/bus\/vermietung\/","title":{"rendered":"Busvermietung"},"content":{"rendered":"\n<p><strong>Wir vermieten unsere 9 Sitzer-Busse auch gerne:<\/strong><\/p>\n\n\n\n<ul class=\"wp-block-list\">\n<li>VW T6 9 Sitzpl\u00e4tze<\/li>\n\n\n\n<li>Mit Vollkaskoversicherung<\/li>\n\n\n\n<li>Mit Vignette in \u00d6sterreich<\/li>\n\n\n\n<li>Mit oder ohne Diesel<\/li>\n\n\n\n<li>F\u00fcr einen Tag oder auch f\u00fcr l\u00e4nger<\/li>\n<\/ul>\n\n\n\n<p>Falls sie Interesse haben, kontaktieren Sie Brigitte Mitterlindner unter 0664\/5052255, ich mache Ihnen gerne ein Angebot.<\/p>\n\n\n\n<p> <p class=\"has-text-align-center\"><strong><em>WIR verkaufen 4 unserer VW   T5 Busse &#8211; bei Interesse bitte melden:<\/em><\/strong><\/p>         <p class=\"has-text-align-center\">0664\/5052255  Brigitte Mitterlindner<\/p>    <\/p>\n\n\n\n<p><\/p>\n","protected":false},"excerpt":{"rendered":"<p>Wir vermieten unsere 9 Sitzer-Busse auch gerne: Falls sie Interesse haben, kontaktieren Sie Brigitte Mitterlindner unter 0664\/5052255, ich mache Ihnen gerne ein Angebot. WIR verkaufen 4 unserer VW T5 Busse &#8211; bei Interesse bitte melden: 0664\/5052255 Brigitte Mitterlindner<\/p>\n","protected":false},"author":3,"featured_media":0,"parent":0,"menu_order":0,"comment_status":"closed","ping_status":"closed","template":"","meta":{"footnotes":""},"class_list":["post-101","page","type-page","status-publish","hentry"],"_links":{"self":[{"href":"https:\/\/www.mitterlindner.co.at\/bus\/wp-json\/wp\/v2\/pages\/101","targetHints":{"allow":["GET"]}}],"collection":[{"href":"https:\/\/www.mitterlindner.co.at\/bus\/wp-json\/wp\/v2\/pages"}],"about":[{"href":"https:\/\/www.mitterlindner.co.at\/bus\/wp-json\/wp\/v2\/types\/page"}],"author":[{"embeddable":true,"href":"https:\/\/www.mitterlindner.co.at\/bus\/wp-json\/wp\/v2\/users\/3"}],"replies":[{"embeddable":true,"href":"https:\/\/www.mitterlindner.co.at\/bus\/wp-json\/wp\/v2\/comments?post=101"}],"version-history":[{"count":5,"href":"https:\/\/www.mitterlindner.co.at\/bus\/wp-json\/wp\/v2\/pages\/101\/revisions"}],"predecessor-version":[{"id":620,"href":"https:\/\/www.mitterlindner.co.at\/bus\/wp-json\/wp\/v2\/pages\/101\/revisions\/620"}],"wp:attachment":[{"href":"https:\/\/www.mitterlindner.co.at\/bus\/wp-json\/wp\/v2\/media?parent=101"}],"curies":[{"name":"wp","href":"https:\/\/api.w.org\/{rel}","templated":true}]}}